{"id":757,"date":"2021-09-23T18:02:26","date_gmt":"2021-09-23T18:02:26","guid":{"rendered":"http:\/\/xn--kulturkombinatneuerume-j5b.de\/?page_id=757"},"modified":"2021-09-23T18:17:12","modified_gmt":"2021-09-23T18:17:12","slug":"jorgen-may-von-hamstern-und-tapeten","status":"publish","type":"page","link":"https:\/\/xn--kulturkombinatneuerume-j5b.de\/?page_id=757","title":{"rendered":"J\u00f8rgen May \u2013 Von Hamstern und Tapeten"},"content":{"rendered":"\n<p class=\"has-drop-cap\">Normalerweise sind Ausstellungsr\u00e4ume von au\u00dfen nicht einsehbar. Gegen die Bezahlung eines Eintrittspreises und unter der Einhaltung museumstypischer Verhaltensregeln bewegen sich Besucher:innen zwischen den Kunstwerken. Dieses \u00fcbliche Erleben von Kunst \u201aim Raum\u2018 ist aufgrund der Corona-Pandemie erheblich eingeschr\u00e4nkt oder gar vollends untersagt worden. Wie l\u00e4sst sich Kunst dennoch unter pandemischen Bedingungen \u00f6ffentlich und f\u00fcr alle B\u00fcrger:innen gleicherma\u00dfen erfahrbar machen? Welche alternativen Pr\u00e4sentationsformen gibt es, die abseits des w\u00e4hrend der Pandemie g\u00e4ngiger gewordenen digitalen Ausstellungsraumes liegen?<\/p>\n\n\n\n<p>Im Hintergrund dieser dringlichen Fragen pr\u00e4sentierten wir die im \u201aSchaukastenprinzip\u2018 konzipierte Ausstellung \u201eJ\u00f8rgen May \u2013 Von Hamstern und Tapeten\u201c: F\u00fcr einen Zeitraum von drei Wochen konnten ausgew\u00e4hlte plastische Arbeiten des Bildhauers J\u00f8rgen May an zwei unterschiedlichen Jenaer Orten kostenfrei und ausschlie\u00dflich von au\u00dfen besichtigt werden. Erg\u00e4nzt wurde die Ausstellung durch einen ebenfalls tempor\u00e4r angelegten Instagram-Account, der \u00fcber QR-Codes, die an den Schaufenstern der Ausstellungsr\u00e4ume angebracht waren, erreicht werden konnte. Der mit Werkinformationen und fotografischen Detailaufnahmen der Ausstellungsexponate versehene Instagram-Account fungierte dabei nicht zuletzt als \u201acorona-freundliche\u2018 Fl\u00e4che f\u00fcr Begleitprogramm wie etwa ein K\u00fcnstlergespr\u00e4ch.<\/p>\n\n\n\n<!-- index.php -->\n<div\n\tclass=\"ngg-galleryoverview\"\n\tid=\"ngg-gallery-cbef66238bbf5041e22ce72a9231fbd1-1\">\n\n    \t<div class=\"slideshowlink\">\n        <a href='https:\/\/xn--kulturkombinatneuerume-j5b.de\/index.php\/nggallery\/slideshow?page_id=757'>View Slideshow<\/a>\n\t\t\n\t<\/div>\n\t\t\t<!-- Thumbnails -->\n\t\t\t\t<div id=\"ngg-image-0\" class=\"ngg-gallery-thumbnail-box\" >\n\t\t\t\t        <div class=\"ngg-gallery-thumbnail\">\n            <a href=\"https:\/\/xn--kulturkombinatneuerume-j5b.de\/wp-content\/gallery\/jorgenmay\/Anker_2020_Holz-Gips-Styropor-Farbe-Kreide_.jpg\"\n               title=\"\"\n               data-src=\"https:\/\/xn--kulturkombinatneuerume-j5b.de\/wp-content\/gallery\/jorgenmay\/Anker_2020_Holz-Gips-Styropor-Farbe-Kreide_.jpg\"\n               data-thumbnail=\"https:\/\/xn--kulturkombinatneuerume-j5b.de\/wp-content\/gallery\/jorgenmay\/thumbs\/thumbs_Anker_2020_Holz-Gips-Styropor-Farbe-Kreide_.jpg\"\n               data-image-id=\"108\"\n               data-title=\"Anker_2020_Holz-Gips-Styropor-Farbe-Kreide_\"\n               data-description=\"\"\n               data-image-slug=\"anker_2020_holz-gips-styropor-farbe-kreide_\"\n               class=\"ngg-simplelightbox\" rel=\"cbef66238bbf5041e22ce72a9231fbd1\">\n                <img\n                    title=\"Anker_2020_Holz-Gips-Styropor-Farbe-Kreide_\"\n                    alt=\"Anker_2020_Holz-Gips-Styropor-Farbe-Kreide_\"\n                    src=\"https:\/\/xn--kulturkombinatneuerume-j5b.de\/wp-content\/gallery\/jorgenmay\/thumbs\/thumbs_Anker_2020_Holz-Gips-Styropor-Farbe-Kreide_.jpg\"\n                    width=\"240\"\n                    height=\"160\"\n                    style=\"max-width:100%;\"\n                \/>\n            <\/a>\n        <\/div>\n\t\t\t\t\t\t\t<\/div> \n\t\t\t\n                            \n\t\t\t\t<div id=\"ngg-image-1\" class=\"ngg-gallery-thumbnail-box\" >\n\t\t\t\t        <div class=\"ngg-gallery-thumbnail\">\n            <a href=\"https:\/\/xn--kulturkombinatneuerume-j5b.de\/wp-content\/gallery\/jorgenmay\/Beach-Girls_2020_Holz-Textil-Farbe-Papierdruck-Silikon-.jpeg\"\n               title=\"\"\n               data-src=\"https:\/\/xn--kulturkombinatneuerume-j5b.de\/wp-content\/gallery\/jorgenmay\/Beach-Girls_2020_Holz-Textil-Farbe-Papierdruck-Silikon-.jpeg\"\n               data-thumbnail=\"https:\/\/xn--kulturkombinatneuerume-j5b.de\/wp-content\/gallery\/jorgenmay\/thumbs\/thumbs_Beach-Girls_2020_Holz-Textil-Farbe-Papierdruck-Silikon-.jpeg\"\n               data-image-id=\"109\"\n               data-title=\"Beach-Girls_2020_Holz-Textil-Farbe-Papierdruck-Silikon-\"\n               data-description=\"\"\n               data-image-slug=\"beach-girls_2020_holz-textil-farbe-papierdruck-silikon\"\n               class=\"ngg-simplelightbox\" rel=\"cbef66238bbf5041e22ce72a9231fbd1\">\n                <img\n                    title=\"Beach-Girls_2020_Holz-Textil-Farbe-Papierdruck-Silikon-\"\n                    alt=\"Beach-Girls_2020_Holz-Textil-Farbe-Papierdruck-Silikon-\"\n                    src=\"https:\/\/xn--kulturkombinatneuerume-j5b.de\/wp-content\/gallery\/jorgenmay\/thumbs\/thumbs_Beach-Girls_2020_Holz-Textil-Farbe-Papierdruck-Silikon-.jpeg\"\n                    width=\"240\"\n                    height=\"160\"\n                    style=\"max-width:100%;\"\n                \/>\n            <\/a>\n        <\/div>\n\t\t\t\t\t\t\t<\/div> \n\t\t\t\n                            \n\t\t\t\t<div id=\"ngg-image-2\" class=\"ngg-gallery-thumbnail-box\" >\n\t\t\t\t        <div class=\"ngg-gallery-thumbnail\">\n            <a href=\"https:\/\/xn--kulturkombinatneuerume-j5b.de\/wp-content\/gallery\/jorgenmay\/Ballerina_2020_Gips-Holz-Farbe.jpg\"\n               title=\"\"\n               data-src=\"https:\/\/xn--kulturkombinatneuerume-j5b.de\/wp-content\/gallery\/jorgenmay\/Ballerina_2020_Gips-Holz-Farbe.jpg\"\n               data-thumbnail=\"https:\/\/xn--kulturkombinatneuerume-j5b.de\/wp-content\/gallery\/jorgenmay\/thumbs\/thumbs_Ballerina_2020_Gips-Holz-Farbe.jpg\"\n               data-image-id=\"110\"\n               data-title=\"Ballerina_2020_Gips-Holz-Farbe\"\n               data-description=\"\"\n               data-image-slug=\"ballerina_2020_gips-holz-farbe\"\n               class=\"ngg-simplelightbox\" rel=\"cbef66238bbf5041e22ce72a9231fbd1\">\n                <img\n                    title=\"Ballerina_2020_Gips-Holz-Farbe\"\n                    alt=\"Ballerina_2020_Gips-Holz-Farbe\"\n                    src=\"https:\/\/xn--kulturkombinatneuerume-j5b.de\/wp-content\/gallery\/jorgenmay\/thumbs\/thumbs_Ballerina_2020_Gips-Holz-Farbe.jpg\"\n                    width=\"240\"\n                    height=\"160\"\n                    style=\"max-width:100%;\"\n                \/>\n            <\/a>\n        <\/div>\n\t\t\t\t\t\t\t<\/div> \n\t\t\t\n                                    <br style=\"clear: both\" \/>\n                    \n\t\t\t\t<div id=\"ngg-image-3\" class=\"ngg-gallery-thumbnail-box\" >\n\t\t\t\t        <div class=\"ngg-gallery-thumbnail\">\n            <a href=\"https:\/\/xn--kulturkombinatneuerume-j5b.de\/wp-content\/gallery\/jorgenmay\/Beach-Girls.jpeg\"\n               title=\"\"\n               data-src=\"https:\/\/xn--kulturkombinatneuerume-j5b.de\/wp-content\/gallery\/jorgenmay\/Beach-Girls.jpeg\"\n               data-thumbnail=\"https:\/\/xn--kulturkombinatneuerume-j5b.de\/wp-content\/gallery\/jorgenmay\/thumbs\/thumbs_Beach-Girls.jpeg\"\n               data-image-id=\"111\"\n               data-title=\"Beach-Girls\"\n               data-description=\"\"\n               data-image-slug=\"beach-girls\"\n               class=\"ngg-simplelightbox\" rel=\"cbef66238bbf5041e22ce72a9231fbd1\">\n                <img\n                    title=\"Beach-Girls\"\n                    alt=\"Beach-Girls\"\n                    src=\"https:\/\/xn--kulturkombinatneuerume-j5b.de\/wp-content\/gallery\/jorgenmay\/thumbs\/thumbs_Beach-Girls.jpeg\"\n                    width=\"240\"\n                    height=\"160\"\n                    style=\"max-width:100%;\"\n                \/>\n            <\/a>\n        <\/div>\n\t\t\t\t\t\t\t<\/div> \n\t\t\t\n                            \n\t\t\t\t<div id=\"ngg-image-4\" class=\"ngg-gallery-thumbnail-box\" >\n\t\t\t\t        <div class=\"ngg-gallery-thumbnail\">\n            <a href=\"https:\/\/xn--kulturkombinatneuerume-j5b.de\/wp-content\/gallery\/jorgenmay\/Beobachtender_2020_Wachs-Farbe-Holz-Kreide.jpg\"\n               title=\"\"\n               data-src=\"https:\/\/xn--kulturkombinatneuerume-j5b.de\/wp-content\/gallery\/jorgenmay\/Beobachtender_2020_Wachs-Farbe-Holz-Kreide.jpg\"\n               data-thumbnail=\"https:\/\/xn--kulturkombinatneuerume-j5b.de\/wp-content\/gallery\/jorgenmay\/thumbs\/thumbs_Beobachtender_2020_Wachs-Farbe-Holz-Kreide.jpg\"\n               data-image-id=\"112\"\n               data-title=\"Beobachtender_2020_Wachs-Farbe-Holz-Kreide\"\n               data-description=\"\"\n               data-image-slug=\"beobachtender_2020_wachs-farbe-holz-kreide\"\n               class=\"ngg-simplelightbox\" rel=\"cbef66238bbf5041e22ce72a9231fbd1\">\n                <img\n                    title=\"Beobachtender_2020_Wachs-Farbe-Holz-Kreide\"\n                    alt=\"Beobachtender_2020_Wachs-Farbe-Holz-Kreide\"\n                    src=\"https:\/\/xn--kulturkombinatneuerume-j5b.de\/wp-content\/gallery\/jorgenmay\/thumbs\/thumbs_Beobachtender_2020_Wachs-Farbe-Holz-Kreide.jpg\"\n                    width=\"240\"\n                    height=\"160\"\n                    style=\"max-width:100%;\"\n                \/>\n            <\/a>\n        <\/div>\n\t\t\t\t\t\t\t<\/div> \n\t\t\t\n                            \n\t\t\t\t<div id=\"ngg-image-5\" class=\"ngg-gallery-thumbnail-box\" >\n\t\t\t\t        <div class=\"ngg-gallery-thumbnail\">\n            <a href=\"https:\/\/xn--kulturkombinatneuerume-j5b.de\/wp-content\/gallery\/jorgenmay\/Extracorporeal-membrane-oxigination_2019_Bronze_.jpg\"\n               title=\"\"\n               data-src=\"https:\/\/xn--kulturkombinatneuerume-j5b.de\/wp-content\/gallery\/jorgenmay\/Extracorporeal-membrane-oxigination_2019_Bronze_.jpg\"\n               data-thumbnail=\"https:\/\/xn--kulturkombinatneuerume-j5b.de\/wp-content\/gallery\/jorgenmay\/thumbs\/thumbs_Extracorporeal-membrane-oxigination_2019_Bronze_.jpg\"\n               data-image-id=\"113\"\n               data-title=\"Extracorporeal-membrane-oxigination_2019_Bronze_\"\n               data-description=\"\"\n               data-image-slug=\"extracorporeal-membrane-oxigination_2019_bronze_\"\n               class=\"ngg-simplelightbox\" rel=\"cbef66238bbf5041e22ce72a9231fbd1\">\n                <img\n                    title=\"Extracorporeal-membrane-oxigination_2019_Bronze_\"\n                    alt=\"Extracorporeal-membrane-oxigination_2019_Bronze_\"\n                    src=\"https:\/\/xn--kulturkombinatneuerume-j5b.de\/wp-content\/gallery\/jorgenmay\/thumbs\/thumbs_Extracorporeal-membrane-oxigination_2019_Bronze_.jpg\"\n                    width=\"240\"\n                    height=\"160\"\n                    style=\"max-width:100%;\"\n                \/>\n            <\/a>\n        <\/div>\n\t\t\t\t\t\t\t<\/div> \n\t\t\t\n                                    <br style=\"clear: both\" \/>\n                    \n\t\t\n\t\t<!-- Pagination -->\n\t<div class='ngg-navigation'><span class='current'>1<\/span>\n<a class='page-numbers' data-pageid='2' href='https:\/\/xn--kulturkombinatneuerume-j5b.de\/index.php\/nggallery\/page\/2?page_id=757'>2<\/a>\n<a class='page-numbers' data-pageid='3' href='https:\/\/xn--kulturkombinatneuerume-j5b.de\/index.php\/nggallery\/page\/3?page_id=757'>3<\/a>\n<a class='prev' href='https:\/\/xn--kulturkombinatneuerume-j5b.de\/index.php\/nggallery\/page\/2?page_id=757' data-pageid=2>&#9658;<\/a><\/div>\t<\/div>\n\n\n\n\n<p><\/p>\n\n\n\n<p class=\"has-drop-cap\">Im Mittelpunkt des nahezu vollverglasten, kulturell etablierten Veranstaltungsortes Glashaus im Paradiespark stand eine aus gr\u00fcnem Styrodur gefertigte Tempelanlage, innerhalb welcher J\u00f8rgen May einige seiner mischwesenhaften Figuren \u2013 wie beispielsweise die j\u00fcngere Arbeit \u201eSphinx\u201c \u2013 platzierte. Die meisten Exponate wurden jedoch in der vormals leerstehenden und unsererseits infrastrukturell aufbereiteten Ladenfl\u00e4che der Saalbahnhofstra\u00dfe 11-15 pr\u00e4sentiert. In diesen \u00fcber zahlreiche Schaufenster verf\u00fcgenden R\u00e4umlichkeiten fanden sowohl \u00e4ltere als auch j\u00fcngere Skulpturen und Plastiken J\u00f8rgen May Platz, die der K\u00fcnstler zumeist aus \u201aeinfachen\u2018 Baumaterialien wie Gips, Holz, Glas oder Styropor herausarbeitet und die sich inhaltlich zwischen der Konstruktion und Dekonstruktion des menschlichen K\u00f6rpers, mythologischen Themen und der Verarbeitung der (K\u00fcnstler-)Biographie bewegen.<\/p>\n\n\n\n<p><\/p>\n\n\n\n<p>Zum K\u00fcnstler:<\/p>\n\n\n\n<p>Derzeit studiert der 1990 in Dachau geborene K\u00fcnstler J\u00f8rgen May, der bereits eine Ausbildung als Holzbildhauer absolvierte, an der Staatlichen Akademie der Bildenden K\u00fcnste in Karlsruhe in der Bildhauer:innenklasse von Stephan Balkenhol. Seit 2016 pr\u00e4sentiert May seine Arbeiten in diversen Gruppenausstellungen. In Jena wurde eine Auswahl seiner bis dato entstandenen Arbeiten erstmals in Form einer Einzelausstellung gezeigt.<\/p>\n\n\n\n<p>Homepage des K\u00fcnstlers: https:\/\/www.joergenmay.com<\/p>\n\n\n\n<p>Gef\u00f6rdert wurde die Ausstellung von der Liebelt Stiftung (Hamburg), Carl Zeiss Jena sowie Jena Kultur.<\/p>\n","protected":false},"excerpt":{"rendered":"<p>Normalerweise sind Ausstellungsr\u00e4ume von au\u00dfen nicht einsehbar. Gegen die Bezahlung eines Eintrittspreises und unter der Einhaltung museumstypischer Verhaltensregeln bewegen sich Besucher:innen zwischen den Kunstwerken. Dieses \u00fcbliche Erleben von Kunst \u201aim Raum\u2018 ist aufgrund der Corona-Pandemie erheblich eingeschr\u00e4nkt oder gar vollends untersagt worden. Wie l\u00e4sst sich Kunst dennoch unter pandemischen Bedingungen \u00f6ffentlich und f\u00fcr alle B\u00fcrger:innen [&hellip;]<\/p>\n","protected":false},"author":1,"featured_media":785,"parent":0,"menu_order":0,"comment_status":"closed","ping_status":"closed","template":"","meta":{"ngg_post_thumbnail":0},"_links":{"self":[{"href":"https:\/\/xn--kulturkombinatneuerume-j5b.de\/index.php?rest_route=\/wp\/v2\/pages\/757"}],"collection":[{"href":"https:\/\/xn--kulturkombinatneuerume-j5b.de\/index.php?rest_route=\/wp\/v2\/pages"}],"about":[{"href":"https:\/\/xn--kulturkombinatneuerume-j5b.de\/index.php?rest_route=\/wp\/v2\/types\/page"}],"author":[{"embeddable":true,"href":"https:\/\/xn--kulturkombinatneuerume-j5b.de\/index.php?rest_route=\/wp\/v2\/users\/1"}],"replies":[{"embeddable":true,"href":"https:\/\/xn--kulturkombinatneuerume-j5b.de\/index.php?rest_route=%2Fwp%2Fv2%2Fcomments&post=757"}],"version-history":[{"count":7,"href":"https:\/\/xn--kulturkombinatneuerume-j5b.de\/index.php?rest_route=\/wp\/v2\/pages\/757\/revisions"}],"predecessor-version":[{"id":787,"href":"https:\/\/xn--kulturkombinatneuerume-j5b.de\/index.php?rest_route=\/wp\/v2\/pages\/757\/revisions\/787"}],"wp:featuredmedia":[{"embeddable":true,"href":"https:\/\/xn--kulturkombinatneuerume-j5b.de\/index.php?rest_route=\/wp\/v2\/media\/785"}],"wp:attachment":[{"href":"https:\/\/xn--kulturkombinatneuerume-j5b.de\/index.php?rest_route=%2Fwp%2Fv2%2Fmedia&parent=757"}],"curies":[{"name":"wp","href":"https:\/\/api.w.org\/{rel}","templated":true}]}}