{"id":5,"date":"2018-03-19T11:03:54","date_gmt":"2018-03-19T11:03:54","guid":{"rendered":"http:\/\/xn--kulturkombinatneuerume-j5b.de\/?page_id=5"},"modified":"2023-04-16T14:51:01","modified_gmt":"2023-04-16T14:51:01","slug":"impressum","status":"publish","type":"page","link":"https:\/\/xn--kulturkombinatneuerume-j5b.de\/?page_id=5","title":{"rendered":"Impressum"},"content":{"rendered":"<h4>Kulturkombinat Neue R\u00e4ume e.V.<\/h4>\n<p>Potsdamer Stra\u00dfe 87<br \/>\n14513 Teltow<\/p>\n<h5>Vertreten durch:<\/h5>\n<p>Laszlo Rupp (1. Vorsitzender)<\/p>\n<p>Paula Ma\u00df (2. Vorsitzende)<\/p>\n<p>Johannes Hollefreund (Schriftf\u00fchrer)<\/p>\n<p>Elisa Schm\u00fccking (Kassenw\u00e4rtin)<\/p>\n<p>Webmaster: Carsten Felsche \/ Johannes Hollefreund<\/p>\n<h5>Registereintrag:<\/h5>\n<p>Eintragung im Vereinsregister<\/p>\n<p>Registergericht: Amtsgericht Jena<\/p>\n<p>Registernummer: VR 231660<\/p>\n<h5>Email:<\/h5>\n<p>info[\u00c4T]kulturkombinatneuer\u00e4ume.de<\/p>\n","protected":false},"excerpt":{"rendered":"<p>Kulturkombinat Neue R\u00e4ume e.V. Potsdamer Stra\u00dfe 87 14513 Teltow Vertreten durch: Laszlo Rupp (1. Vorsitzender) Paula Ma\u00df (2. Vorsitzende) Johannes Hollefreund (Schriftf\u00fchrer) Elisa Schm\u00fccking (Kassenw\u00e4rtin) Webmaster: Carsten Felsche \/ Johannes Hollefreund Registereintrag: Eintragung im Vereinsregister Registergericht: Amtsgericht Jena Registernummer: VR 231660 Email: info[\u00c4T]kulturkombinatneuer\u00e4ume.de<\/p>\n","protected":false},"author":1,"featured_media":734,"parent":0,"menu_order":10,"comment_status":"closed","ping_status":"closed","template":"","meta":{"ngg_post_thumbnail":0},"_links":{"self":[{"href":"https:\/\/xn--kulturkombinatneuerume-j5b.de\/index.php?rest_route=\/wp\/v2\/pages\/5"}],"collection":[{"href":"https:\/\/xn--kulturkombinatneuerume-j5b.de\/index.php?rest_route=\/wp\/v2\/pages"}],"about":[{"href":"https:\/\/xn--kulturkombinatneuerume-j5b.de\/index.php?rest_route=\/wp\/v2\/types\/page"}],"author":[{"embeddable":true,"href":"https:\/\/xn--kulturkombinatneuerume-j5b.de\/index.php?rest_route=\/wp\/v2\/users\/1"}],"replies":[{"embeddable":true,"href":"https:\/\/xn--kulturkombinatneuerume-j5b.de\/index.php?rest_route=%2Fwp%2Fv2%2Fcomments&post=5"}],"version-history":[{"count":9,"href":"https:\/\/xn--kulturkombinatneuerume-j5b.de\/index.php?rest_route=\/wp\/v2\/pages\/5\/revisions"}],"predecessor-version":[{"id":789,"href":"https:\/\/xn--kulturkombinatneuerume-j5b.de\/index.php?rest_route=\/wp\/v2\/pages\/5\/revisions\/789"}],"wp:featuredmedia":[{"embeddable":true,"href":"https:\/\/xn--kulturkombinatneuerume-j5b.de\/index.php?rest_route=\/wp\/v2\/media\/734"}],"wp:attachment":[{"href":"https:\/\/xn--kulturkombinatneuerume-j5b.de\/index.php?rest_route=%2Fwp%2Fv2%2Fmedia&parent=5"}],"curies":[{"name":"wp","href":"https:\/\/api.w.org\/{rel}","templated":true}]}}