{"id":208,"date":"2018-05-12T11:34:08","date_gmt":"2018-05-12T11:34:08","guid":{"rendered":"http:\/\/xn--kulturkombinatneuerume-j5b.de\/?page_id=208"},"modified":"2023-04-20T11:28:43","modified_gmt":"2023-04-20T11:28:43","slug":"mitglied-werden-2","status":"publish","type":"page","link":"http:\/\/xn--kulturkombinatneuerume-j5b.de\/?page_id=208","title":{"rendered":"Mitglied werden"},"content":{"rendered":"\n<p>Du m\u00f6chtest Mitglied bei uns werden und zusammen mit uns die n\u00e4chsten Projekte planen, umsetzen und erfolgreich \u00fcber die B\u00fchne bringen? Dann kannst du hier unsere Beitrittserkl\u00e4rung ausdrucken und deine Mitgliedschaft beantragen.<\/p>\n\n\n\n<p><strong><a href=\"http:\/\/xn--kulturkombinatneuerume-j5b.de\/wp-content\/uploads\/2023\/04\/Vorlage-Beitrittserkla\u0308rung.pdf\" data-type=\"URL\" data-id=\"http:\/\/xn--kulturkombinatneuerume-j5b.de\/wp-content\/uploads\/2023\/04\/Vorlage-Beitrittserkla\u0308rung.pdf\">Beitrittserkl\u00e4rung<\/a><\/strong><\/p>\n","protected":false},"excerpt":{"rendered":"<p>Du m\u00f6chtest Mitglied bei uns werden und zusammen mit uns die n\u00e4chsten Projekte planen, umsetzen und erfolgreich \u00fcber die B\u00fchne bringen? Dann kannst du hier unsere Beitrittserkl\u00e4rung ausdrucken und deine Mitgliedschaft beantragen. Beitrittserkl\u00e4rung<\/p>\n","protected":false},"author":1,"featured_media":734,"parent":0,"menu_order":0,"comment_status":"closed","ping_status":"closed","template":"","meta":{"ngg_post_thumbnail":0},"_links":{"self":[{"href":"http:\/\/xn--kulturkombinatneuerume-j5b.de\/index.php?rest_route=\/wp\/v2\/pages\/208"}],"collection":[{"href":"http:\/\/xn--kulturkombinatneuerume-j5b.de\/index.php?rest_route=\/wp\/v2\/pages"}],"about":[{"href":"http:\/\/xn--kulturkombinatneuerume-j5b.de\/index.php?rest_route=\/wp\/v2\/types\/page"}],"author":[{"embeddable":true,"href":"http:\/\/xn--kulturkombinatneuerume-j5b.de\/index.php?rest_route=\/wp\/v2\/users\/1"}],"replies":[{"embeddable":true,"href":"http:\/\/xn--kulturkombinatneuerume-j5b.de\/index.php?rest_route=%2Fwp%2Fv2%2Fcomments&post=208"}],"version-history":[{"count":5,"href":"http:\/\/xn--kulturkombinatneuerume-j5b.de\/index.php?rest_route=\/wp\/v2\/pages\/208\/revisions"}],"predecessor-version":[{"id":796,"href":"http:\/\/xn--kulturkombinatneuerume-j5b.de\/index.php?rest_route=\/wp\/v2\/pages\/208\/revisions\/796"}],"wp:featuredmedia":[{"embeddable":true,"href":"http:\/\/xn--kulturkombinatneuerume-j5b.de\/index.php?rest_route=\/wp\/v2\/media\/734"}],"wp:attachment":[{"href":"http:\/\/xn--kulturkombinatneuerume-j5b.de\/index.php?rest_route=%2Fwp%2Fv2%2Fmedia&parent=208"}],"curies":[{"name":"wp","href":"https:\/\/api.w.org\/{rel}","templated":true}]}}