{"id":10,"date":"2018-03-19T11:12:54","date_gmt":"2018-03-19T11:12:54","guid":{"rendered":"http:\/\/xn--kulturkombinatneuerume-j5b.de\/?page_id=10"},"modified":"2021-04-26T07:53:39","modified_gmt":"2021-04-26T07:53:39","slug":"fleisch","status":"publish","type":"page","link":"http:\/\/xn--kulturkombinatneuerume-j5b.de\/?page_id=10","title":{"rendered":"Fleisch"},"content":{"rendered":"\n<p class=\"has-drop-cap has-normal-font-size\">Die intensive Besch\u00e4ftigung mit der Vieldeutigkeit eines ganz allt\u00e4glichen Begriffs stellte den Ausgangspunkt f\u00fcr das Ausstellungsprojekt \u201eFleisch\u201c dar, welches im Juni 2018 im Kulturschlachthof Jena umgesetzt wurde. St\u00f6\u00dft man auf das W\u00f6rtchen \u201eFleisch\u201c, so weckt dies zun\u00e4chst vielleicht Gedanken an Schnitzel, Steak, Bratwurst und die kontroverse Diskussion \u00fcber den moralischen und \u00f6kologischen Status des Fleischkonsums, die mit der zunehmenden Verbreitung von Vegetarismus\/Veganismus entbrannt ist. Es w\u00e4re allerdings zu kurz gegriffen, w\u00fcrde man den Fleischbegriff einzig auf diese Ern\u00e4hrungsdimension einschr\u00e4nken. Die Rede von der Fleischeslust l\u00e4sst beispielsweise schon zwei Lesarten zu. Gemeint sein kann entweder der Hei\u00dfhunger auf Schlachterzeugnisse oder die Begierde nach dem K\u00f6rper des Anderen. Hieran wird deutlich: Aus Fleisch bestehen nicht nur K\u00fche, Schweine und H\u00fchner, sondern auch wir Menschen. Einen K\u00f6rper haben hei\u00dft aus Fleisch zu sein.<\/p>\n\n\n\n<!-- index.php -->\n<div\n\tclass=\"ngg-galleryoverview\"\n\tid=\"ngg-gallery-2025ac52374f5dcca8d3518ad3f5ccc8-1\">\n\n    \t<div class=\"slideshowlink\">\n        <a href='http:\/\/xn--kulturkombinatneuerume-j5b.de\/index.php\/nggallery\/slideshow?page_id=10'>View Slideshow<\/a>\n\t\t\n\t<\/div>\n\t\t\t<!-- Thumbnails -->\n\t\t\t\t<div id=\"ngg-image-0\" class=\"ngg-gallery-thumbnail-box\" >\n\t\t\t\t        <div class=\"ngg-gallery-thumbnail\">\n            <a href=\"http:\/\/xn--kulturkombinatneuerume-j5b.de\/wp-content\/gallery\/fleisch-galerie\/fleisch_PLAKAT_webvoll.jpg\"\n               title=\"\"\n               data-src=\"http:\/\/xn--kulturkombinatneuerume-j5b.de\/wp-content\/gallery\/fleisch-galerie\/fleisch_PLAKAT_webvoll.jpg\"\n               data-thumbnail=\"http:\/\/xn--kulturkombinatneuerume-j5b.de\/wp-content\/gallery\/fleisch-galerie\/thumbs\/thumbs_fleisch_PLAKAT_webvoll.jpg\"\n               data-image-id=\"97\"\n               data-title=\"fleisch_PLAKAT_webvoll\"\n               data-description=\"\"\n               data-image-slug=\"fleisch_plakat_webvoll\"\n               class=\"ngg-simplelightbox\" rel=\"2025ac52374f5dcca8d3518ad3f5ccc8\">\n                <img\n                    title=\"fleisch_PLAKAT_webvoll\"\n                    alt=\"fleisch_PLAKAT_webvoll\"\n                    src=\"http:\/\/xn--kulturkombinatneuerume-j5b.de\/wp-content\/gallery\/fleisch-galerie\/thumbs\/thumbs_fleisch_PLAKAT_webvoll.jpg\"\n                    width=\"240\"\n                    height=\"160\"\n                    style=\"max-width:100%;\"\n                \/>\n            <\/a>\n        <\/div>\n\t\t\t\t\t\t\t<\/div> \n\t\t\t\n                            \n\t\t\t\t<div id=\"ngg-image-1\" class=\"ngg-gallery-thumbnail-box\" >\n\t\t\t\t        <div class=\"ngg-gallery-thumbnail\">\n            <a href=\"http:\/\/xn--kulturkombinatneuerume-j5b.de\/wp-content\/gallery\/fleisch-galerie\/Fleisch-Postkarte.jpg\"\n               title=\"\"\n               data-src=\"http:\/\/xn--kulturkombinatneuerume-j5b.de\/wp-content\/gallery\/fleisch-galerie\/Fleisch-Postkarte.jpg\"\n               data-thumbnail=\"http:\/\/xn--kulturkombinatneuerume-j5b.de\/wp-content\/gallery\/fleisch-galerie\/thumbs\/thumbs_Fleisch-Postkarte.jpg\"\n               data-image-id=\"102\"\n               data-title=\"Fleisch-Postkarte\"\n               data-description=\"\"\n               data-image-slug=\"fleisch-postkarte\"\n               class=\"ngg-simplelightbox\" rel=\"2025ac52374f5dcca8d3518ad3f5ccc8\">\n                <img\n                    title=\"Fleisch-Postkarte\"\n                    alt=\"Fleisch-Postkarte\"\n                    src=\"http:\/\/xn--kulturkombinatneuerume-j5b.de\/wp-content\/gallery\/fleisch-galerie\/thumbs\/thumbs_Fleisch-Postkarte.jpg\"\n                    width=\"240\"\n                    height=\"160\"\n                    style=\"max-width:100%;\"\n                \/>\n            <\/a>\n        <\/div>\n\t\t\t\t\t\t\t<\/div> \n\t\t\t\n                            \n\t\t\t\t<div id=\"ngg-image-2\" class=\"ngg-gallery-thumbnail-box\" >\n\t\t\t\t        <div class=\"ngg-gallery-thumbnail\">\n            <a href=\"http:\/\/xn--kulturkombinatneuerume-j5b.de\/wp-content\/gallery\/fleisch-galerie\/20180602_FLEISCH_001.jpg\"\n               title=\"\"\n               data-src=\"http:\/\/xn--kulturkombinatneuerume-j5b.de\/wp-content\/gallery\/fleisch-galerie\/20180602_FLEISCH_001.jpg\"\n               data-thumbnail=\"http:\/\/xn--kulturkombinatneuerume-j5b.de\/wp-content\/gallery\/fleisch-galerie\/thumbs\/thumbs_20180602_FLEISCH_001.jpg\"\n               data-image-id=\"1\"\n               data-title=\"20180602_FLEISCH_001\"\n               data-description=\"\"\n               data-image-slug=\"20180602_fleisch_001\"\n               class=\"ngg-simplelightbox\" rel=\"2025ac52374f5dcca8d3518ad3f5ccc8\">\n                <img\n                    title=\"20180602_FLEISCH_001\"\n                    alt=\"20180602_FLEISCH_001\"\n                    src=\"http:\/\/xn--kulturkombinatneuerume-j5b.de\/wp-content\/gallery\/fleisch-galerie\/thumbs\/thumbs_20180602_FLEISCH_001.jpg\"\n                    width=\"240\"\n                    height=\"160\"\n                    style=\"max-width:100%;\"\n                \/>\n            <\/a>\n        <\/div>\n\t\t\t\t\t\t\t<\/div> \n\t\t\t\n                                    <br style=\"clear: both\" \/>\n                    \n\t\t\t\t<div id=\"ngg-image-3\" class=\"ngg-gallery-thumbnail-box\" >\n\t\t\t\t        <div class=\"ngg-gallery-thumbnail\">\n            <a href=\"http:\/\/xn--kulturkombinatneuerume-j5b.de\/wp-content\/gallery\/fleisch-galerie\/20180602_FLEISCH_002.jpg\"\n               title=\"\"\n               data-src=\"http:\/\/xn--kulturkombinatneuerume-j5b.de\/wp-content\/gallery\/fleisch-galerie\/20180602_FLEISCH_002.jpg\"\n               data-thumbnail=\"http:\/\/xn--kulturkombinatneuerume-j5b.de\/wp-content\/gallery\/fleisch-galerie\/thumbs\/thumbs_20180602_FLEISCH_002.jpg\"\n               data-image-id=\"2\"\n               data-title=\"20180602_FLEISCH_002\"\n               data-description=\"\"\n               data-image-slug=\"20180602_fleisch_002\"\n               class=\"ngg-simplelightbox\" rel=\"2025ac52374f5dcca8d3518ad3f5ccc8\">\n                <img\n                    title=\"20180602_FLEISCH_002\"\n                    alt=\"20180602_FLEISCH_002\"\n                    src=\"http:\/\/xn--kulturkombinatneuerume-j5b.de\/wp-content\/gallery\/fleisch-galerie\/thumbs\/thumbs_20180602_FLEISCH_002.jpg\"\n                    width=\"240\"\n                    height=\"160\"\n                    style=\"max-width:100%;\"\n                \/>\n            <\/a>\n        <\/div>\n\t\t\t\t\t\t\t<\/div> \n\t\t\t\n                            \n\t\t\t\t<div id=\"ngg-image-4\" class=\"ngg-gallery-thumbnail-box\" >\n\t\t\t\t        <div class=\"ngg-gallery-thumbnail\">\n            <a href=\"http:\/\/xn--kulturkombinatneuerume-j5b.de\/wp-content\/gallery\/fleisch-galerie\/20180602_FLEISCH_003.jpg\"\n               title=\"\"\n               data-src=\"http:\/\/xn--kulturkombinatneuerume-j5b.de\/wp-content\/gallery\/fleisch-galerie\/20180602_FLEISCH_003.jpg\"\n               data-thumbnail=\"http:\/\/xn--kulturkombinatneuerume-j5b.de\/wp-content\/gallery\/fleisch-galerie\/thumbs\/thumbs_20180602_FLEISCH_003.jpg\"\n               data-image-id=\"3\"\n               data-title=\"20180602_FLEISCH_003\"\n               data-description=\"\"\n               data-image-slug=\"20180602_fleisch_003\"\n               class=\"ngg-simplelightbox\" rel=\"2025ac52374f5dcca8d3518ad3f5ccc8\">\n                <img\n                    title=\"20180602_FLEISCH_003\"\n                    alt=\"20180602_FLEISCH_003\"\n                    src=\"http:\/\/xn--kulturkombinatneuerume-j5b.de\/wp-content\/gallery\/fleisch-galerie\/thumbs\/thumbs_20180602_FLEISCH_003.jpg\"\n                    width=\"240\"\n                    height=\"160\"\n                    style=\"max-width:100%;\"\n                \/>\n            <\/a>\n        <\/div>\n\t\t\t\t\t\t\t<\/div> \n\t\t\t\n                            \n\t\t\t\t<div id=\"ngg-image-5\" class=\"ngg-gallery-thumbnail-box\" >\n\t\t\t\t        <div class=\"ngg-gallery-thumbnail\">\n            <a href=\"http:\/\/xn--kulturkombinatneuerume-j5b.de\/wp-content\/gallery\/fleisch-galerie\/20180602_FLEISCH_004.jpg\"\n               title=\"\"\n               data-src=\"http:\/\/xn--kulturkombinatneuerume-j5b.de\/wp-content\/gallery\/fleisch-galerie\/20180602_FLEISCH_004.jpg\"\n               data-thumbnail=\"http:\/\/xn--kulturkombinatneuerume-j5b.de\/wp-content\/gallery\/fleisch-galerie\/thumbs\/thumbs_20180602_FLEISCH_004.jpg\"\n               data-image-id=\"4\"\n               data-title=\"20180602_FLEISCH_004\"\n               data-description=\"\"\n               data-image-slug=\"20180602_fleisch_004\"\n               class=\"ngg-simplelightbox\" rel=\"2025ac52374f5dcca8d3518ad3f5ccc8\">\n                <img\n                    title=\"20180602_FLEISCH_004\"\n                    alt=\"20180602_FLEISCH_004\"\n                    src=\"http:\/\/xn--kulturkombinatneuerume-j5b.de\/wp-content\/gallery\/fleisch-galerie\/thumbs\/thumbs_20180602_FLEISCH_004.jpg\"\n                    width=\"240\"\n                    height=\"160\"\n                    style=\"max-width:100%;\"\n                \/>\n            <\/a>\n        <\/div>\n\t\t\t\t\t\t\t<\/div> \n\t\t\t\n                                    <br style=\"clear: both\" \/>\n                    \n\t\t\n\t\t<!-- Pagination -->\n\t<div class='ngg-navigation'><span class='current'>1<\/span>\n<a class='page-numbers' data-pageid='2' href='http:\/\/xn--kulturkombinatneuerume-j5b.de\/index.php\/nggallery\/page\/2?page_id=10'>2<\/a>\n<span class='ellipsis'>...<\/span>\n<a class='page-numbers' data-pageid='4' href='http:\/\/xn--kulturkombinatneuerume-j5b.de\/index.php\/nggallery\/page\/4?page_id=10'>4<\/a>\n<a class='prev' href='http:\/\/xn--kulturkombinatneuerume-j5b.de\/index.php\/nggallery\/page\/2?page_id=10' data-pageid=2>&#9658;<\/a><\/div>\t<\/div>\n\n\n\n\n<p class=\"has-drop-cap has-normal-font-size\">Bei der Frage, welche Position in den verschiedenen Diskursen, in denen die Fleisch-Thematik verankert ist, eingenommen werden sollte, gehen die Meinungen und die eingespielten Praktiken verschiedener Gesellschaften und Kulturen allerdings schnell auseinander. Tiere schlachten und verzehren \u2013 Ja oder Nein? Was ist ein angemessener Umgang mit Nacktheit und Sexualit\u00e4t? Welche Rolle spielen die eigene Leiblichkeit und die damit einhergehende Verletzlichkeit bei diesen und anderen Fragestellungen? Weniger das Formulieren klarer Antworten als vielmehr das Herausstellen der Mehrdimensionalit\u00e4t des Fleischbegriffs war das Ziel unseres Projekts. Die verschiedenen Exponate, deren mediale Spannweite vom traditionellen \u00d6lgem\u00e4lde bis hin zur Soundinstallation reichte, sollten Bez\u00fcge zwischen den meist getrennt verhandelten Diskursen herstellen und so neue Perspektiven er\u00f6ffnen. Im erg\u00e4nzenden Rahmenprogramm, bestehend aus wissenschaftlichen Vortr\u00e4gen, Theaterst\u00fccken und Filmvorf\u00fchrungen, wurden einzelne Aspekte aufgegriffen und vertieft behandelt, was seinerseits zu einer m\u00f6glichst ganzheitlichen Beleuchtung des Themenkomplexes beitrug.<\/p>\n","protected":false},"excerpt":{"rendered":"<p>Die intensive Besch\u00e4ftigung mit der Vieldeutigkeit eines ganz allt\u00e4glichen Begriffs stellte den Ausgangspunkt f\u00fcr das Ausstellungsprojekt \u201eFleisch\u201c dar, welches im Juni 2018 im Kulturschlachthof Jena umgesetzt wurde. St\u00f6\u00dft man auf das W\u00f6rtchen \u201eFleisch\u201c, so weckt dies zun\u00e4chst vielleicht Gedanken an Schnitzel, Steak, Bratwurst und die kontroverse Diskussion \u00fcber den moralischen und \u00f6kologischen Status des Fleischkonsums, [&hellip;]<\/p>\n","protected":false},"author":1,"featured_media":460,"parent":0,"menu_order":3,"comment_status":"closed","ping_status":"closed","template":"","meta":{"ngg_post_thumbnail":0},"_links":{"self":[{"href":"http:\/\/xn--kulturkombinatneuerume-j5b.de\/index.php?rest_route=\/wp\/v2\/pages\/10"}],"collection":[{"href":"http:\/\/xn--kulturkombinatneuerume-j5b.de\/index.php?rest_route=\/wp\/v2\/pages"}],"about":[{"href":"http:\/\/xn--kulturkombinatneuerume-j5b.de\/index.php?rest_route=\/wp\/v2\/types\/page"}],"author":[{"embeddable":true,"href":"http:\/\/xn--kulturkombinatneuerume-j5b.de\/index.php?rest_route=\/wp\/v2\/users\/1"}],"replies":[{"embeddable":true,"href":"http:\/\/xn--kulturkombinatneuerume-j5b.de\/index.php?rest_route=%2Fwp%2Fv2%2Fcomments&post=10"}],"version-history":[{"count":17,"href":"http:\/\/xn--kulturkombinatneuerume-j5b.de\/index.php?rest_route=\/wp\/v2\/pages\/10\/revisions"}],"predecessor-version":[{"id":703,"href":"http:\/\/xn--kulturkombinatneuerume-j5b.de\/index.php?rest_route=\/wp\/v2\/pages\/10\/revisions\/703"}],"wp:featuredmedia":[{"embeddable":true,"href":"http:\/\/xn--kulturkombinatneuerume-j5b.de\/index.php?rest_route=\/wp\/v2\/media\/460"}],"wp:attachment":[{"href":"http:\/\/xn--kulturkombinatneuerume-j5b.de\/index.php?rest_route=%2Fwp%2Fv2%2Fmedia&parent=10"}],"curies":[{"name":"wp","href":"https:\/\/api.w.org\/{rel}","templated":true}]}}